{"id":20,"date":"2024-03-26T13:59:21","date_gmt":"2024-03-26T13:59:21","guid":{"rendered":"http:\/\/svetionik.org\/?page_id=20"},"modified":"2024-03-27T12:29:58","modified_gmt":"2024-03-27T12:29:58","slug":"prevod","status":"publish","type":"page","link":"http:\/\/svetionik.org\/index.php\/prevod\/","title":{"rendered":"Prevod"},"content":{"rendered":"\n<p><\/p>\n\n\n\n<p class=\"has-large-font-size\"><\/p>\n\n\n\n<div class=\"wp-block-columns has-medium-font-size is-layout-flex wp-container-core-columns-is-layout-1 wp-block-columns-is-layout-flex\" style=\"border-style:none;border-width:0px;border-radius:0px;padding-top:var(--wp--preset--spacing--40);padding-right:0;padding-bottom:var(--wp--preset--spacing--40);padding-left:0\">\n<div class=\"wp-block-column is-layout-flow wp-block-column-is-layout-flow\">\n<p>&#8211; engleski jezik<br>&#8211; nema\u010dki jezik<br>&#8211; francuski jezik<br>&#8211; kineski jezik<br>&#8211; arapski jezik<br>&#8211; \u0161panski jezik<br>&#8211; italijanski jezik<br>&#8211; poljski jezik<\/p>\n<\/div>\n\n\n\n<div class=\"wp-block-column is-layout-flow wp-block-column-is-layout-flow\">\n<p>Stru\u010dna lektura teksta na srpskom jeziku.<\/p>\n<\/div>\n\n\n\n<div class=\"wp-block-column is-layout-flow wp-block-column-is-layout-flow\">\n<p>Prevod televizijskog programa (filmovi, serije, dokumentarci) sa titlovima.<\/p>\n<\/div>\n<\/div>\n\n\n\n<div class=\"wp-block-columns is-layout-flex wp-container-core-columns-is-layout-2 wp-block-columns-is-layout-flex\">\n<div class=\"wp-block-column is-layout-flow wp-block-column-is-layout-flow\">\n<figure class=\"wp-block-image size-full\"><img loading=\"lazy\" decoding=\"async\" width=\"382\" height=\"716\" src=\"http:\/\/svetionik.org\/wp-content\/uploads\/2024\/03\/Danijela-Stil-Andjeo-koji-se-vraca.png\" alt=\"\" class=\"wp-image-97\" srcset=\"http:\/\/svetionik.org\/wp-content\/uploads\/2024\/03\/Danijela-Stil-Andjeo-koji-se-vraca.png 382w, http:\/\/svetionik.org\/wp-content\/uploads\/2024\/03\/Danijela-Stil-Andjeo-koji-se-vraca-160x300.png 160w\" sizes=\"auto, (max-width: 382px) 100vw, 382px\" \/><\/figure>\n<\/div>\n\n\n\n<div class=\"wp-block-column is-layout-flow wp-block-column-is-layout-flow\">\n<figure class=\"wp-block-image size-full\"><img loading=\"lazy\" decoding=\"async\" width=\"480\" height=\"720\" src=\"http:\/\/svetionik.org\/wp-content\/uploads\/2024\/03\/Nora-Roberts-Krocenje-Natase-600x600-1.jpg\" alt=\"\" class=\"wp-image-98\" srcset=\"http:\/\/svetionik.org\/wp-content\/uploads\/2024\/03\/Nora-Roberts-Krocenje-Natase-600x600-1.jpg 480w, http:\/\/svetionik.org\/wp-content\/uploads\/2024\/03\/Nora-Roberts-Krocenje-Natase-600x600-1-200x300.jpg 200w\" sizes=\"auto, (max-width: 480px) 100vw, 480px\" \/><\/figure>\n<\/div>\n\n\n\n<div class=\"wp-block-column is-layout-flow wp-block-column-is-layout-flow\">\n<figure class=\"wp-block-image size-full\"><img loading=\"lazy\" decoding=\"async\" width=\"398\" height=\"716\" src=\"http:\/\/svetionik.org\/wp-content\/uploads\/2024\/03\/Nakon-dugo-vremena.jpg\" alt=\"\" class=\"wp-image-99\" srcset=\"http:\/\/svetionik.org\/wp-content\/uploads\/2024\/03\/Nakon-dugo-vremena.jpg 398w, http:\/\/svetionik.org\/wp-content\/uploads\/2024\/03\/Nakon-dugo-vremena-167x300.jpg 167w\" sizes=\"auto, (max-width: 398px) 100vw, 398px\" \/><\/figure>\n<\/div>\n<\/div>\n\n\n\n<p><\/p>\n","protected":false},"excerpt":{"rendered":"<p>&#8211; engleski jezik&#8211; nema\u010dki jezik&#8211; francuski jezik&#8211; kineski jezik&#8211; arapski jezik&#8211; \u0161panski jezik&#8211; italijanski jezik&#8211; poljski jezik Stru\u010dna lektura teksta na srpskom jeziku. Prevod televizijskog programa (filmovi, serije, dokumentarci) sa titlovima.<\/p>\n","protected":false},"author":1,"featured_media":0,"parent":0,"menu_order":0,"comment_status":"closed","ping_status":"closed","template":"","meta":{"footnotes":""},"class_list":["post-20","page","type-page","status-publish","hentry"],"yoast_head":"<!-- This site is optimized with the Yoast SEO plugin v22.3 - https:\/\/yoast.com\/wordpress\/plugins\/seo\/ -->\r\n<title>Prevod - SVETIONIK PLUS<\/title>\r\n<meta name=\"robots\" content=\"index, follow, max-snippet:-1, max-image-preview:large, max-video-preview:-1\" \/>\r\n<link rel=\"canonical\" href=\"http:\/\/svetionik.org\/index.php\/prevod\/\" \/>\r\n<meta property=\"og:locale\" content=\"en_US\" \/>\r\n<meta property=\"og:type\" content=\"article\" \/>\r\n<meta property=\"og:title\" content=\"Prevod - SVETIONIK PLUS\" \/>\r\n<meta property=\"og:description\" content=\"&#8211; engleski jezik&#8211; nema\u010dki jezik&#8211; francuski jezik&#8211; kineski jezik&#8211; arapski jezik&#8211; \u0161panski jezik&#8211; italijanski jezik&#8211; poljski jezik Stru\u010dna lektura teksta na srpskom jeziku. Prevod televizijskog programa (filmovi, serije, dokumentarci) sa titlovima.\" \/>\r\n<meta property=\"og:url\" content=\"http:\/\/svetionik.org\/index.php\/prevod\/\" \/>\r\n<meta property=\"og:site_name\" content=\"SVETIONIK PLUS\" \/>\r\n<meta property=\"article:modified_time\" content=\"2024-03-27T12:29:58+00:00\" \/>\r\n<meta property=\"og:image\" content=\"http:\/\/svetionik.org\/wp-content\/uploads\/2024\/03\/Danijela-Stil-Andjeo-koji-se-vraca.png\" \/>\r\n<meta name=\"twitter:card\" content=\"summary_large_image\" \/>\r\n<meta name=\"twitter:label1\" content=\"Est. reading time\" \/>\n\t<meta name=\"twitter:data1\" content=\"1 minute\" \/>\r\n<script type=\"application\/ld+json\" class=\"yoast-schema-graph\">{\"@context\":\"https:\/\/schema.org\",\"@graph\":[{\"@type\":\"WebPage\",\"@id\":\"http:\/\/svetionik.org\/index.php\/prevod\/\",\"url\":\"http:\/\/svetionik.org\/index.php\/prevod\/\",\"name\":\"Prevod - SVETIONIK PLUS\",\"isPartOf\":{\"@id\":\"http:\/\/svetionik.org\/#website\"},\"primaryImageOfPage\":{\"@id\":\"http:\/\/svetionik.org\/index.php\/prevod\/#primaryimage\"},\"image\":{\"@id\":\"http:\/\/svetionik.org\/index.php\/prevod\/#primaryimage\"},\"thumbnailUrl\":\"http:\/\/svetionik.org\/wp-content\/uploads\/2024\/03\/Danijela-Stil-Andjeo-koji-se-vraca.png\",\"datePublished\":\"2024-03-26T13:59:21+00:00\",\"dateModified\":\"2024-03-27T12:29:58+00:00\",\"breadcrumb\":{\"@id\":\"http:\/\/svetionik.org\/index.php\/prevod\/#breadcrumb\"},\"inLanguage\":\"en-US\",\"potentialAction\":[{\"@type\":\"ReadAction\",\"target\":[\"http:\/\/svetionik.org\/index.php\/prevod\/\"]}]},{\"@type\":\"ImageObject\",\"inLanguage\":\"en-US\",\"@id\":\"http:\/\/svetionik.org\/index.php\/prevod\/#primaryimage\",\"url\":\"http:\/\/svetionik.org\/wp-content\/uploads\/2024\/03\/Danijela-Stil-Andjeo-koji-se-vraca.png\",\"contentUrl\":\"http:\/\/svetionik.org\/wp-content\/uploads\/2024\/03\/Danijela-Stil-Andjeo-koji-se-vraca.png\",\"width\":382,\"height\":716},{\"@type\":\"BreadcrumbList\",\"@id\":\"http:\/\/svetionik.org\/index.php\/prevod\/#breadcrumb\",\"itemListElement\":[{\"@type\":\"ListItem\",\"position\":1,\"name\":\"Home\",\"item\":\"http:\/\/svetionik.org\/\"},{\"@type\":\"ListItem\",\"position\":2,\"name\":\"Prevod\"}]},{\"@type\":\"WebSite\",\"@id\":\"http:\/\/svetionik.org\/#website\",\"url\":\"http:\/\/svetionik.org\/\",\"name\":\"SVETIONIK PLUS\",\"description\":\"Izdava\u010dko-prevodila\u010dka agencija\",\"potentialAction\":[{\"@type\":\"SearchAction\",\"target\":{\"@type\":\"EntryPoint\",\"urlTemplate\":\"http:\/\/svetionik.org\/?s={search_term_string}\"},\"query-input\":\"required name=search_term_string\"}],\"inLanguage\":\"en-US\"}]}<\/script>\r\n<!-- \/ Yoast SEO plugin. -->","yoast_head_json":{"title":"Prevod - SVETIONIK PLUS","robots":{"index":"index","follow":"follow","max-snippet":"max-snippet:-1","max-image-preview":"max-image-preview:large","max-video-preview":"max-video-preview:-1"},"canonical":"http:\/\/svetionik.org\/index.php\/prevod\/","og_locale":"en_US","og_type":"article","og_title":"Prevod - SVETIONIK PLUS","og_description":"&#8211; engleski jezik&#8211; nema\u010dki jezik&#8211; francuski jezik&#8211; kineski jezik&#8211; arapski jezik&#8211; \u0161panski jezik&#8211; italijanski jezik&#8211; poljski jezik Stru\u010dna lektura teksta na srpskom jeziku. Prevod televizijskog programa (filmovi, serije, dokumentarci) sa titlovima.","og_url":"http:\/\/svetionik.org\/index.php\/prevod\/","og_site_name":"SVETIONIK PLUS","article_modified_time":"2024-03-27T12:29:58+00:00","og_image":[{"url":"http:\/\/svetionik.org\/wp-content\/uploads\/2024\/03\/Danijela-Stil-Andjeo-koji-se-vraca.png"}],"twitter_card":"summary_large_image","twitter_misc":{"Est. reading time":"1 minute"},"schema":{"@context":"https:\/\/schema.org","@graph":[{"@type":"WebPage","@id":"http:\/\/svetionik.org\/index.php\/prevod\/","url":"http:\/\/svetionik.org\/index.php\/prevod\/","name":"Prevod - SVETIONIK PLUS","isPartOf":{"@id":"http:\/\/svetionik.org\/#website"},"primaryImageOfPage":{"@id":"http:\/\/svetionik.org\/index.php\/prevod\/#primaryimage"},"image":{"@id":"http:\/\/svetionik.org\/index.php\/prevod\/#primaryimage"},"thumbnailUrl":"http:\/\/svetionik.org\/wp-content\/uploads\/2024\/03\/Danijela-Stil-Andjeo-koji-se-vraca.png","datePublished":"2024-03-26T13:59:21+00:00","dateModified":"2024-03-27T12:29:58+00:00","breadcrumb":{"@id":"http:\/\/svetionik.org\/index.php\/prevod\/#breadcrumb"},"inLanguage":"en-US","potentialAction":[{"@type":"ReadAction","target":["http:\/\/svetionik.org\/index.php\/prevod\/"]}]},{"@type":"ImageObject","inLanguage":"en-US","@id":"http:\/\/svetionik.org\/index.php\/prevod\/#primaryimage","url":"http:\/\/svetionik.org\/wp-content\/uploads\/2024\/03\/Danijela-Stil-Andjeo-koji-se-vraca.png","contentUrl":"http:\/\/svetionik.org\/wp-content\/uploads\/2024\/03\/Danijela-Stil-Andjeo-koji-se-vraca.png","width":382,"height":716},{"@type":"BreadcrumbList","@id":"http:\/\/svetionik.org\/index.php\/prevod\/#breadcrumb","itemListElement":[{"@type":"ListItem","position":1,"name":"Home","item":"http:\/\/svetionik.org\/"},{"@type":"ListItem","position":2,"name":"Prevod"}]},{"@type":"WebSite","@id":"http:\/\/svetionik.org\/#website","url":"http:\/\/svetionik.org\/","name":"SVETIONIK PLUS","description":"Izdava\u010dko-prevodila\u010dka agencija","potentialAction":[{"@type":"SearchAction","target":{"@type":"EntryPoint","urlTemplate":"http:\/\/svetionik.org\/?s={search_term_string}"},"query-input":"required name=search_term_string"}],"inLanguage":"en-US"}]}},"_links":{"self":[{"href":"http:\/\/svetionik.org\/index.php\/wp-json\/wp\/v2\/pages\/20","targetHints":{"allow":["GET"]}}],"collection":[{"href":"http:\/\/svetionik.org\/index.php\/wp-json\/wp\/v2\/pages"}],"about":[{"href":"http:\/\/svetionik.org\/index.php\/wp-json\/wp\/v2\/types\/page"}],"author":[{"embeddable":true,"href":"http:\/\/svetionik.org\/index.php\/wp-json\/wp\/v2\/users\/1"}],"replies":[{"embeddable":true,"href":"http:\/\/svetionik.org\/index.php\/wp-json\/wp\/v2\/comments?post=20"}],"version-history":[{"count":2,"href":"http:\/\/svetionik.org\/index.php\/wp-json\/wp\/v2\/pages\/20\/revisions"}],"predecessor-version":[{"id":100,"href":"http:\/\/svetionik.org\/index.php\/wp-json\/wp\/v2\/pages\/20\/revisions\/100"}],"wp:attachment":[{"href":"http:\/\/svetionik.org\/index.php\/wp-json\/wp\/v2\/media?parent=20"}],"curies":[{"name":"wp","href":"https:\/\/api.w.org\/{rel}","templated":true}]}}